{"id":710,"date":"2017-01-01T23:38:59","date_gmt":"2017-01-01T23:38:59","guid":{"rendered":"http:\/\/import.getbowtied.com\/shopkeeper-replica\/product\/black-and-white-varsity-jacket\/"},"modified":"2019-04-24T21:52:26","modified_gmt":"2019-04-24T21:52:26","slug":"black-and-white-varsity-jacket","status":"publish","type":"product","link":"https:\/\/muranocasaycocina.com\/index.php\/product\/black-and-white-varsity-jacket\/","title":{"rendered":"Fuente de chocolate RC-CF672B"},"content":{"rendered":"","protected":false},"excerpt":{"rendered":"<p>Capacidad: 700 g<\/p>\n<p>Potencia: 85 W<\/p>\n<p>Material: Acero inoxidable<\/p>\n<p>AJUSTABLE: Gracias a su dise\u00f1o desmontable esta fuente de chocolate mejora la limpieza al hacer sus piezas desmontables. Cuenta con un ajuste que se adapta a tus necesidades.<br \/>\nNIVELES DE CASCADA: Cuenta con 3 niveles de cascada para darle un efecto movimiento y brindarle a tu evento originalidad y buen gusto.<br \/>\nRECIPIENTE: Contiene un recipiente que te permite almacenar el chocolate y as\u00ed evitaras el llenado constante.<br \/>\nACERO INOXIDABLE: Gracias a su material de acero resultar\u00e1 de gran duraci\u00f3n y no se arruinar\u00e1 con el tiempo. Es capaz de resistir temperaturas extremas tanto calientes como fr\u00edas, lo que lo hace perfecto para todo tipo de uso. El acero inoxidable resiste la suciedad y las manchas, por lo tanto, es muy f\u00e1cil de limpiar.<\/p>\n","protected":false},"featured_media":3068,"comment_status":"closed","ping_status":"closed","template":"","meta":{"om_disable_all_campaigns":false,"_monsterinsights_skip_tracking":false,"_monsterinsights_sitenote_active":false,"_monsterinsights_sitenote_note":"","_monsterinsights_sitenote_category":0,"spay_email":""},"_links":{"self":[{"href":"https:\/\/muranocasaycocina.com\/index.php\/wp-json\/wp\/v2\/product\/710"}],"collection":[{"href":"https:\/\/muranocasaycocina.com\/index.php\/wp-json\/wp\/v2\/product"}],"about":[{"href":"https:\/\/muranocasaycocina.com\/index.php\/wp-json\/wp\/v2\/types\/product"}],"replies":[{"embeddable":true,"href":"https:\/\/muranocasaycocina.com\/index.php\/wp-json\/wp\/v2\/comments?post=710"}],"wp:featuredmedia":[{"embeddable":true,"href":"https:\/\/muranocasaycocina.com\/index.php\/wp-json\/wp\/v2\/media\/3068"}],"wp:attachment":[{"href":"https:\/\/muranocasaycocina.com\/index.php\/wp-json\/wp\/v2\/media?parent=710"}],"curies":[{"name":"wp","href":"https:\/\/api.w.org\/{rel}","templated":true}]}}